{"id":69,"date":"2020-11-04T07:31:36","date_gmt":"2020-11-04T07:31:36","guid":{"rendered":"https:\/\/fc-niederkalbach.de\/?page_id=69"},"modified":"2026-01-30T12:48:23","modified_gmt":"2026-01-30T12:48:23","slug":"mitglied-werden","status":"publish","type":"page","link":"https:\/\/fc-niederkalbach.de\/?page_id=69","title":{"rendered":"Mitglied werden"},"content":{"rendered":"\n<hr class=\"wp-block-separator has-css-opacity\"\/>\n\n\n\n<p>Das freut uns sehr, dass Du unserem Verein beitreten m\u00f6chtest. Hierzu ben\u00f6tigen wir von Dir allerdings noch ein paar Angaben. Bitte lade hierzu das Antragsformular herunter, f\u00fclle es aus und schicke es uns zu. Gerne auch per e-Mail an <strong>MitgliederFCN@gmx.de<\/strong><\/p>\n\n\n\n<p>Ein vereinfachter Online-Antrag ist demn\u00e4chst m\u00f6glich.<\/p>\n\n\n\n<figure class=\"wp-block-image size-large\"><a href=\"https:\/\/fc-niederkalbach.de\/wp-content\/uploads\/2020\/11\/FC_Antrag_2014.png\"><img loading=\"lazy\" decoding=\"async\" width=\"645\" height=\"932\" src=\"https:\/\/fc-niederkalbach.de\/wp-content\/uploads\/2020\/11\/FC_Antrag_2014.png\" alt=\"\" class=\"wp-image-72\" srcset=\"https:\/\/fc-niederkalbach.de\/wp-content\/uploads\/2020\/11\/FC_Antrag_2014.png 645w, https:\/\/fc-niederkalbach.de\/wp-content\/uploads\/2020\/11\/FC_Antrag_2014-208x300.png 208w\" sizes=\"auto, (max-width: 645px) 100vw, 645px\" \/><\/a><\/figure>\n\n\n\n<p><\/p>\n\n\n\n<div class=\"wp-block-file\"><a href=\"https:\/\/fc-niederkalbach.de\/wp-content\/uploads\/2020\/11\/Mitgeliedsantrag_FCN_2014-1.pdf\">Mitgeliedsantrag als PDF<\/a><a href=\"https:\/\/fc-niederkalbach.de\/wp-content\/uploads\/2020\/11\/Mitgeliedsantrag_FCN_2014-1.pdf\" class=\"wp-block-file__button wp-element-button\" download>Herunterladen<\/a><\/div>\n","protected":false},"excerpt":{"rendered":"<p>Das freut uns sehr, dass Du unserem Verein beitreten m\u00f6chtest. Hierzu ben\u00f6tigen wir von Dir allerdings noch ein paar Angaben. Bitte lade hierzu das Antragsformular herunter, f\u00fclle es aus und schicke es uns zu. Gerne auch per e-Mail an MitgliederFCN@gmx.de Ein vereinfachter Online-Antrag ist demn\u00e4chst m\u00f6glich.<\/p>\n","protected":false},"author":2,"featured_media":0,"parent":0,"menu_order":0,"comment_status":"closed","ping_status":"closed","template":"template-page-builder.php","meta":{"footnotes":""},"class_list":["post-69","page","type-page","status-publish","hentry"],"_links":{"self":[{"href":"https:\/\/fc-niederkalbach.de\/index.php?rest_route=\/wp\/v2\/pages\/69","targetHints":{"allow":["GET"]}}],"collection":[{"href":"https:\/\/fc-niederkalbach.de\/index.php?rest_route=\/wp\/v2\/pages"}],"about":[{"href":"https:\/\/fc-niederkalbach.de\/index.php?rest_route=\/wp\/v2\/types\/page"}],"author":[{"embeddable":true,"href":"https:\/\/fc-niederkalbach.de\/index.php?rest_route=\/wp\/v2\/users\/2"}],"replies":[{"embeddable":true,"href":"https:\/\/fc-niederkalbach.de\/index.php?rest_route=%2Fwp%2Fv2%2Fcomments&post=69"}],"version-history":[{"count":15,"href":"https:\/\/fc-niederkalbach.de\/index.php?rest_route=\/wp\/v2\/pages\/69\/revisions"}],"predecessor-version":[{"id":566,"href":"https:\/\/fc-niederkalbach.de\/index.php?rest_route=\/wp\/v2\/pages\/69\/revisions\/566"}],"wp:attachment":[{"href":"https:\/\/fc-niederkalbach.de\/index.php?rest_route=%2Fwp%2Fv2%2Fmedia&parent=69"}],"curies":[{"name":"wp","href":"https:\/\/api.w.org\/{rel}","templated":true}]}}