{"id":33,"date":"2020-11-04T06:49:15","date_gmt":"2020-11-04T06:49:15","guid":{"rendered":"https:\/\/fc-niederkalbach.de\/?page_id=33"},"modified":"2025-09-18T13:41:00","modified_gmt":"2025-09-18T13:41:00","slug":"kontakt","status":"publish","type":"page","link":"https:\/\/fc-niederkalbach.de\/?page_id=33","title":{"rendered":"Kontakt"},"content":{"rendered":"\n<hr class=\"wp-block-separator has-css-opacity\"\/>\n\n\n\n<h2 class=\"wp-block-heading\">Gesch\u00e4ftsf\u00fchrender Vorstand<\/h2>\n\n\n\n<figure class=\"wp-block-table is-style-stripes\"><table><tbody><tr><td><strong>Position<\/strong><\/td><td><strong>Name<\/strong><\/td><td><strong>Kontaktdaten<\/strong><\/td><\/tr><tr><td>1. Vorstandssprecher<\/td><td>Richard Landgraf<\/td><td>Am Reithgraben 9<br>01703292770<br>vorstand@fc-niederkalbach.de<\/td><\/tr><tr><td>Hauptkassierer<\/td><td>Marius Krack<\/td><td>Wasserkuppenstra\u00dfe 19<br>015161134457<br>kassierer@fc-niederkalbach.de<\/td><\/tr><tr><td>Schriftf\u00fchrer<\/td><td>Melissa Auth<\/td><td>Weiherstra\u00dfe 5<br>schriftfuehrer@fc-niederkalbach.de<\/td><\/tr><tr><td>Abteilungsleiter Fu\u00dfball<\/td><td>Patrick Becker<\/td><td>In der Harth 26<br>016093297257<br>fussball@fc-niederkalbach.de<\/td><\/tr><tr><td>Jugendleiter<\/td><td>Christian Goldbach<\/td><td>Waldstra\u00dfe 38<br>015141378829<br>jugend@fc-niederkalbach.de<\/td><\/tr><\/tbody><\/table><\/figure>\n\n\n\n<hr class=\"wp-block-separator has-css-opacity\"\/>\n\n\n\n<h2 class=\"wp-block-heading\">Erweiterter Vorstand<\/h2>\n\n\n\n<figure class=\"wp-block-table is-style-stripes\"><table><tbody><tr><td><strong>Position<\/strong><\/td><td><strong>Name<\/strong><\/td><td><strong>Kontaktdaten<\/strong><\/td><\/tr><tr><td>2. Vorstandssprecher<br><\/td><td>Jakob Lorenz<\/td><td><\/td><\/tr><tr><td>3. Vorstandssprecher<\/td><td>Marius Helmer<\/td><td><\/td><\/tr><tr><td>stellv. Kassierer<\/td><td>Johannes Krack<\/td><td><\/td><\/tr><tr><td>stellv. Schriftf\u00fchrer<\/td><td>Ole Zander<\/td><td><\/td><\/tr><tr><td>stellv. Jugendleiter<\/td><td>Yannick Meyer<\/td><td><\/td><\/tr><tr><td>Sportliche Leitung Fu\u00dfball<\/td><td>Florian Auth<\/td><td><\/td><\/tr><tr><td>Abt. Leitung Gymnastik<\/td><td>Astrid Elm<\/td><td>astrid.elm@icloud.com<br>016094494405<\/td><\/tr><tr><td>Abt. Kinderturnen<\/td><td>Irina Titow<\/td><td>irinatitow@gmail.com<\/td><\/tr><tr><td>Vereinsehrenamtsbeauftragter &amp;<br>Hygienebeauftragter<\/td><td>Thomas Landgraf<\/td><td><\/td><\/tr><tr><td>Platzkassierer<\/td><td>J\u00fcrgen Kress<br>J\u00fcrgen Sieweke<br>Michael Prock<br>Ronny Kallweit<\/td><td><\/td><\/tr><tr><td>Kassenrevisoren<\/td><td>Jonas Sieweke<br>Martin Pappert<\/td><td><\/td><\/tr><\/tbody><\/table><\/figure>\n\n\n\n<hr class=\"wp-block-separator has-css-opacity\"\/>\n\n\n\n<h2 class=\"wp-block-heading\">Trainer und Betreuer<\/h2>\n\n\n\n<figure class=\"wp-block-table\"><table><tbody><tr><td><strong>Bereich<\/strong><\/td><td><strong>Name<\/strong><\/td><td><strong>Kontaktdaten<\/strong><\/td><\/tr><tr><td>Fu\u00dfball<\/td><td>Maximilian Heil<\/td><td>015164403071<\/td><\/tr><tr><td>R\u00fcckenfitness + Bauch, Beine, Po,<\/td><td>Britta D\u00fcnges<\/td><td>017692233139<\/td><\/tr><tr><td>Stepaerobic, Fr\u00fchsport, Ski-Fit<\/td><td>Astrid Elm<\/td><td>astrid.elm@icloud.com<br>016094494405<\/td><\/tr><tr><td><\/td><td><\/td><td><\/td><\/tr><\/tbody><\/table><\/figure>\n","protected":false},"excerpt":{"rendered":"<p>Gesch\u00e4ftsf\u00fchrender Vorstand Position Name Kontaktdaten 1. Vorstandssprecher Richard Landgraf Am Reithgraben 901703292770vorstand@fc-niederkalbach.de Hauptkassierer Marius Krack Wasserkuppenstra\u00dfe 19015161134457kassierer@fc-niederkalbach.de Schriftf\u00fchrer Melissa Auth Weiherstra\u00dfe 5schriftfuehrer@fc-niederkalbach.de Abteilungsleiter Fu\u00dfball Patrick Becker In der Harth 26016093297257fussball@fc-niederkalbach.de Jugendleiter Christian Goldbach Waldstra\u00dfe 38015141378829jugend@fc-niederkalbach.de Erweiterter Vorstand Position Name Kontaktdaten 2. Vorstandssprecher Jakob Lorenz 3. Vorstandssprecher Marius Helmer stellv. Kassierer Johannes Krack stellv. Schriftf\u00fchrer Ole&#8230;<\/p>\n","protected":false},"author":2,"featured_media":0,"parent":0,"menu_order":0,"comment_status":"closed","ping_status":"closed","template":"template-page-builder.php","meta":{"footnotes":""},"class_list":["post-33","page","type-page","status-publish","hentry"],"_links":{"self":[{"href":"https:\/\/fc-niederkalbach.de\/index.php?rest_route=\/wp\/v2\/pages\/33","targetHints":{"allow":["GET"]}}],"collection":[{"href":"https:\/\/fc-niederkalbach.de\/index.php?rest_route=\/wp\/v2\/pages"}],"about":[{"href":"https:\/\/fc-niederkalbach.de\/index.php?rest_route=\/wp\/v2\/types\/page"}],"author":[{"embeddable":true,"href":"https:\/\/fc-niederkalbach.de\/index.php?rest_route=\/wp\/v2\/users\/2"}],"replies":[{"embeddable":true,"href":"https:\/\/fc-niederkalbach.de\/index.php?rest_route=%2Fwp%2Fv2%2Fcomments&post=33"}],"version-history":[{"count":35,"href":"https:\/\/fc-niederkalbach.de\/index.php?rest_route=\/wp\/v2\/pages\/33\/revisions"}],"predecessor-version":[{"id":531,"href":"https:\/\/fc-niederkalbach.de\/index.php?rest_route=\/wp\/v2\/pages\/33\/revisions\/531"}],"wp:attachment":[{"href":"https:\/\/fc-niederkalbach.de\/index.php?rest_route=%2Fwp%2Fv2%2Fmedia&parent=33"}],"curies":[{"name":"wp","href":"https:\/\/api.w.org\/{rel}","templated":true}]}}