{"id":22,"date":"2020-11-03T19:01:09","date_gmt":"2020-11-03T19:01:09","guid":{"rendered":"https:\/\/fc-niederkalbach.de\/?page_id=22"},"modified":"2021-12-07T10:27:25","modified_gmt":"2021-12-07T10:27:25","slug":"impressum","status":"publish","type":"page","link":"https:\/\/fc-niederkalbach.de\/?page_id=22","title":{"rendered":"Impressum"},"content":{"rendered":"\n<hr class=\"wp-block-separator\"\/>\n\n\n\n<h2 class=\"wp-block-heading\"><strong>Anschrift<\/strong><\/h2>\n\n\n\n<p><strong>FC Union 07 e.V. Niederkalbach<\/strong><br>Der gesch\u00e4ftsf\u00fchrende Vorstand<\/p>\n\n\n\n<p>HFV-Vereinsnummer: 18130<\/p>\n\n\n\n<div class=\"wp-block-buttons is-layout-flex wp-block-buttons-is-layout-flex\">\n<div class=\"wp-block-button\"><a class=\"wp-block-button__link\" href=\"https:\/\/fc-niederkalbach.de\/kontakt\">hier einsehen<\/a><\/div>\n<\/div>\n\n\n\n<h2 class=\"wp-block-heading\"><strong>Domain-Inhaber<\/strong><\/h2>\n\n\n\n<ul class=\"wp-block-list\"><li>Christoph Zehentmaier<\/li><li>Am Fuldaer Berg 21<\/li><li>DE 36148 Kalbach<\/li><li>+49.6655918140<\/li><li>info@zehentmaier.de<\/li><\/ul>\n\n\n\n<h2 class=\"wp-block-heading\"><strong>Tech-C\/Hosting<\/strong><\/h2>\n\n\n\n<p>Ionos AG<\/p>\n\n\n\n<h2 class=\"wp-block-heading\"><strong>Haftungsauschlu\u00df<\/strong><\/h2>\n\n\n\n<p>Mit Urteil vom 12. Mai 1998 &#8211; 312 O 85\/98 &#8211; Haftung fuer Links hat das Landgericht (LG) Hamburg entschieden, dass man durch die Anbringung eines Links, die Inhalte der gelinkten Seite ggf. mit zu verantworten hat. Dies kann &#8211; so das LG &#8211; nur dadurch verhindert werden, dass man sich ausdr\u00fccklich von diesen Inhalten distanziert. Wir betonen daher nochmals, dass wir keinerlei Einfluss auf die Gestaltung und Inhalte evtl. verlinkter Webpages haben. Deshalb distanzieren wir uns hiermit ausdr\u00fccklich von allen Inhalten aller verlinkter Webseiten auf der gesamten Website inkl. aller Unterseiten und deren Unterlinks oder anderen Weiterleitungsmechanismen. Diese Erkl\u00e4rung gilt f\u00fcr alle auf dieser Homepage ausgebrachten Links und f\u00fcr alle Inhalte der Seiten, zu denen Links, Banner oder sonstige Verkn\u00fcpfungen fuehren.<\/p>\n\n\n\n<p>Inhaltlich Verantwortlicher gem\u00e4\u00df \u00a7 10 Absatz 3 MDStV: Christoph Zehentmaier. (Anschrift wie oben)<\/p>\n\n\n\n<p><strong>Haftungshinweis:<\/strong> Trotz sorgf\u00e4ltiger inhaltlicher Kontrolle \u00fcbernehmen wir keine Haftung f\u00fcr die Inhalte externer Links. F\u00fcr den Inhalt der verlinkten Seiten sind ausschlie\u00dflich deren Betreiber verantwortlich.<\/p>\n","protected":false},"excerpt":{"rendered":"<p>Anschrift FC Union 07 e.V. NiederkalbachDer gesch\u00e4ftsf\u00fchrende Vorstand HFV-Vereinsnummer: 18130 Domain-Inhaber Christoph Zehentmaier Am Fuldaer Berg 21 DE 36148 Kalbach +49.6655918140 info@zehentmaier.de Tech-C\/Hosting Ionos AG Haftungsauschlu\u00df Mit Urteil vom 12. Mai 1998 &#8211; 312 O 85\/98 &#8211; Haftung fuer Links hat das Landgericht (LG) Hamburg entschieden, dass man durch die Anbringung eines Links, die Inhalte&#8230;<\/p>\n","protected":false},"author":2,"featured_media":0,"parent":65,"menu_order":0,"comment_status":"closed","ping_status":"closed","template":"template-page-builder.php","meta":{"footnotes":""},"class_list":["post-22","page","type-page","status-publish","hentry"],"_links":{"self":[{"href":"https:\/\/fc-niederkalbach.de\/index.php?rest_route=\/wp\/v2\/pages\/22","targetHints":{"allow":["GET"]}}],"collection":[{"href":"https:\/\/fc-niederkalbach.de\/index.php?rest_route=\/wp\/v2\/pages"}],"about":[{"href":"https:\/\/fc-niederkalbach.de\/index.php?rest_route=\/wp\/v2\/types\/page"}],"author":[{"embeddable":true,"href":"https:\/\/fc-niederkalbach.de\/index.php?rest_route=\/wp\/v2\/users\/2"}],"replies":[{"embeddable":true,"href":"https:\/\/fc-niederkalbach.de\/index.php?rest_route=%2Fwp%2Fv2%2Fcomments&post=22"}],"version-history":[{"count":6,"href":"https:\/\/fc-niederkalbach.de\/index.php?rest_route=\/wp\/v2\/pages\/22\/revisions"}],"predecessor-version":[{"id":321,"href":"https:\/\/fc-niederkalbach.de\/index.php?rest_route=\/wp\/v2\/pages\/22\/revisions\/321"}],"up":[{"embeddable":true,"href":"https:\/\/fc-niederkalbach.de\/index.php?rest_route=\/wp\/v2\/pages\/65"}],"wp:attachment":[{"href":"https:\/\/fc-niederkalbach.de\/index.php?rest_route=%2Fwp%2Fv2%2Fmedia&parent=22"}],"curies":[{"name":"wp","href":"https:\/\/api.w.org\/{rel}","templated":true}]}}