{"id":114,"date":"2020-11-04T09:54:08","date_gmt":"2020-11-04T09:54:08","guid":{"rendered":"https:\/\/fc-niederkalbach.de\/?page_id=114"},"modified":"2020-11-04T09:56:15","modified_gmt":"2020-11-04T09:56:15","slug":"foerderverein-fc-union","status":"publish","type":"page","link":"https:\/\/fc-niederkalbach.de\/?page_id=114","title":{"rendered":"F\u00f6rderverein FC Union"},"content":{"rendered":"\n<hr class=\"wp-block-separator\"\/>\n\n\n\n<h2 class=\"wp-block-heading\"><strong><em>Verein zur F\u00f6rderung und Pflege des Fu\u00dfballsports<\/em><\/strong><\/h2>\n\n\n\n<p>Der Fu\u00dfball-F\u00f6rderverein wurde am 05. Januar 2001 ins Leben gerufen, um den Hauptverein FC UNION 07 Niederkalbach e.V. finanziell zu unterst\u00fctzen und wirtschaftlich nachhaltig zu st\u00e4rken. Die Gr\u00fcndungsmitglieder waren damals Walter M\u00f6ller, Bruno Faust, Siegfried Desoi, Alois Hackenberg, Helmut Desoi, J\u00fcrgen Kre\u00df und Martin Reck.<\/p>\n\n\n\n<p>Der Satzungszweck des Vereins ist die Pflege und F\u00f6rderung des Fu\u00dfballsports, der verwirklicht werden soll durch:<\/p>\n\n\n\n<ul class=\"wp-block-list\"><li>Heranf\u00fchren von Kindern und Jugendlichen an den Fu\u00dfballsport.<\/li><li>Unterst\u00fctzung bei Bezahlung von Trainern, \u00dcbungsleitern und Mannschaftsbetreuern.<\/li><li>Finanzielle Unterst\u00fctzung bei der Durchf\u00fchrung von Jugendfreizeiten, Schulungen und Trainingslagern.<\/li><li>Finanzielle Unterst\u00fctzung bei Bezahlung von Aufwandsentsch\u00e4digungen f\u00fcr aktive Fu\u00dfballer.<\/li><\/ul>\n\n\n\n<p>Die Organe des F\u00f6rdervereins sind die Mitgliederversammlung, der<\/p>\n\n\n\n<p>Vorstand und der erweiterte Vorstand. Der aktuelle Vorstand (die beiden Vorsitzenden sind gleichberechtigt) ist wie folgt aufgestellt:<\/p>\n\n\n\n<figure class=\"wp-block-table\"><table><tbody><tr><td><strong>Vorsitzender:\u00a0\u00a0<\/strong><\/td><td><strong>Vorsitzender:<\/strong><\/td><td><strong>Kassierer\u00a0\u00a0\u00a0\u00a0\u00a0\u00a0\u00a0\u00a0\u00a0\u00a0\u00a0<\/strong><\/td><td><strong>Schriftf\u00fchrer<\/strong><\/td><\/tr><tr><td>Michael M\u00f6ller<\/td><td>Walter M\u00f6ller<\/td><td>J\u00fcrgen Kre\u00df<\/td><td>Martin Reck<\/td><\/tr><\/tbody><\/table><\/figure>\n\n\n\n<p>Dem erweiterten Vorstand geh\u00f6ren die Mitglieder des gesch\u00e4ftsf\u00fchrenden Vorstandes des FC UNION 07 Niederkalbach e.V. an, die aber nur beratend t\u00e4tig sind und kein Stimmrecht haben. Mit seiner Gr\u00fcndung hat der Fu\u00dfball-F\u00f6rderverein die komplette Abwicklung der Bandenwerbung am Sportplatz \u00fcbernommen, deren Einnahmen den Hauptteil der F\u00f6rderungen an den Hauptverein darstellt. Au\u00dferdem erfolgte die finanzielle Abwicklung des Mega-Events \u201eEintracht Frankfurt \u2013 FC UNION Niederkalbach\u201c \u00fcber den F\u00f6rderverein.<\/p>\n\n\n\n<p>Eine weitere wichtige Einnahmequelle sind die Mitgliedsbeitr\u00e4ge unserer F\u00f6rdervereinsmitglieder. Mit einem Beitrag von mindestens 50 \u20ac im Jahr, dem nach oben allerdings keine Grenzen gesetzt sind, beteiligen sie sich an zus\u00e4tzlichen F\u00f6rdermitteln f\u00fcr den FC UNION 07 Niederkalbach e.V.. Die F\u00f6rderungen an den Hauptverein werden nach Abstimmung mit dem gesch\u00e4ftsf\u00fchrenden Vorstand des FC UNION 07 Niederkalbach e.V. auf satzungsgem\u00e4\u00dfe Zwecke gepr\u00fcft und entschieden. Ohne diese F\u00f6rderungen k\u00f6nnte der Hauptverein viele Anschaffungen nicht t\u00e4tigen. Wir freuen uns \u00fcber jedes neue Mitglied im F\u00f6rderverein, um auch weiterhin viele zweckgebundene F\u00f6rderungen an den FC UNION 07 Niederkalbach e.V. weiterleiten zu k\u00f6nnen.<\/p>\n\n\n\n<p>Sprecht uns bei Fragen gerne an, wir freuen uns auf Euch.&nbsp;<\/p>\n\n\n\n<p>Walter M\u00f6ller&nbsp;&nbsp;&nbsp;&nbsp;&nbsp;&nbsp; Michael M\u00f6ller&nbsp;&nbsp;&nbsp; &nbsp;&nbsp;&nbsp;&nbsp;&nbsp;&nbsp;&nbsp; J\u00fcrgen Kre\u00df&nbsp;&nbsp;&nbsp;&nbsp;&nbsp;&nbsp;&nbsp;&nbsp;&nbsp;&nbsp;&nbsp;&nbsp;&nbsp; Martin Reck<\/p>\n\n\n\n<p><\/p>\n\n\n\n<div class=\"wp-block-file\"><a href=\"https:\/\/fc-niederkalbach.de\/wp-content\/uploads\/2020\/11\/Antrag_Foerderverein.pdf\">Mitgliedsantrag f\u00fcr F\u00f6rderverein<\/a><a href=\"https:\/\/fc-niederkalbach.de\/wp-content\/uploads\/2020\/11\/Antrag_Foerderverein.pdf\" class=\"wp-block-file__button\" download>Herunterladen<\/a><\/div>\n","protected":false},"excerpt":{"rendered":"<p>Verein zur F\u00f6rderung und Pflege des Fu\u00dfballsports Der Fu\u00dfball-F\u00f6rderverein wurde am 05. Januar 2001 ins Leben gerufen, um den Hauptverein FC UNION 07 Niederkalbach e.V. finanziell zu unterst\u00fctzen und wirtschaftlich nachhaltig zu st\u00e4rken. Die Gr\u00fcndungsmitglieder waren damals Walter M\u00f6ller, Bruno Faust, Siegfried Desoi, Alois Hackenberg, Helmut Desoi, J\u00fcrgen Kre\u00df und Martin Reck. Der Satzungszweck des&#8230;<\/p>\n","protected":false},"author":2,"featured_media":0,"parent":65,"menu_order":0,"comment_status":"closed","ping_status":"closed","template":"template-page-builder.php","meta":{"footnotes":""},"class_list":["post-114","page","type-page","status-publish","hentry"],"_links":{"self":[{"href":"https:\/\/fc-niederkalbach.de\/index.php?rest_route=\/wp\/v2\/pages\/114","targetHints":{"allow":["GET"]}}],"collection":[{"href":"https:\/\/fc-niederkalbach.de\/index.php?rest_route=\/wp\/v2\/pages"}],"about":[{"href":"https:\/\/fc-niederkalbach.de\/index.php?rest_route=\/wp\/v2\/types\/page"}],"author":[{"embeddable":true,"href":"https:\/\/fc-niederkalbach.de\/index.php?rest_route=\/wp\/v2\/users\/2"}],"replies":[{"embeddable":true,"href":"https:\/\/fc-niederkalbach.de\/index.php?rest_route=%2Fwp%2Fv2%2Fcomments&post=114"}],"version-history":[{"count":3,"href":"https:\/\/fc-niederkalbach.de\/index.php?rest_route=\/wp\/v2\/pages\/114\/revisions"}],"predecessor-version":[{"id":119,"href":"https:\/\/fc-niederkalbach.de\/index.php?rest_route=\/wp\/v2\/pages\/114\/revisions\/119"}],"up":[{"embeddable":true,"href":"https:\/\/fc-niederkalbach.de\/index.php?rest_route=\/wp\/v2\/pages\/65"}],"wp:attachment":[{"href":"https:\/\/fc-niederkalbach.de\/index.php?rest_route=%2Fwp%2Fv2%2Fmedia&parent=114"}],"curies":[{"name":"wp","href":"https:\/\/api.w.org\/{rel}","templated":true}]}}