{"id":106,"date":"2020-11-04T09:45:47","date_gmt":"2020-11-04T09:45:47","guid":{"rendered":"https:\/\/fc-niederkalbach.de\/?page_id=106"},"modified":"2024-03-12T18:24:28","modified_gmt":"2024-03-12T18:24:28","slug":"mitgliedsbeitraege","status":"publish","type":"page","link":"https:\/\/fc-niederkalbach.de\/?page_id=106","title":{"rendered":"Mitgliedsbeitr\u00e4ge"},"content":{"rendered":"\n<hr class=\"wp-block-separator has-css-opacity\"\/>\n\n\n\n<h2 class=\"wp-block-heading\">Grundbeitrag<\/h2>\n\n\n\n<p>g\u00fcltig seit 31.03.2023<\/p>\n\n\n\n<figure class=\"wp-block-table\"><table><tbody><tr><td>Erwachsene<\/td><td>18 &#8211; 64 Jahre<\/td><td><strong>55 Euro \/ Jahr<\/strong><\/td><\/tr><tr><td>Senioren<\/td><td>ab 65 Jahre<\/td><td><strong>35 Euro \/ Jahr<\/strong><\/td><\/tr><tr><td>Jugendliche<\/td><td>8 &#8211; 17 Jahre<\/td><td><strong>40 Euro \/ Jahr<\/strong><\/td><\/tr><tr><td>Kinder<\/td><td>0 &#8211; 7 Jahre<\/td><td><strong>25 Euro \/ Jahr<\/strong><\/td><\/tr><tr><td>Familienbeitrag<\/td><td><\/td><td><strong>110 Euro \/ Jahr<\/strong><\/td><\/tr><\/tbody><\/table><\/figure>\n\n\n\n<h2 class=\"wp-block-heading\">Abteilungsbeitrag<\/h2>\n\n\n\n<figure class=\"wp-block-table\"><table><tbody><tr><td>Gymnastik<\/td><td>zus\u00e4tzlich zum Grundbeitrag<\/td><td><strong>25 Euro \/ Jahr<\/strong><\/td><\/tr><tr><td><strong>Somit Beitrag f\u00fcr Erwachsener aktiv in Gymnastik:<\/strong><br>Grundbeitrag 55 Euro + Abteilungsbeitrag 25 Euro<\/td><td>&nbsp;<\/td><td><strong>80 Euro \/ Jahr<\/strong><\/td><\/tr><tr><td><strong>Beitrag Ganzk\u00f6rper Kr\u00e4ftigung:<\/strong><br>Nichtmitglieder<br>Mitglieder<\/td><td><br>4,00 Euro \/ Abend<br>3,00 Euro \/ Abend<\/td><td><\/td><\/tr><tr><td>Abteilung AH-Fu\u00dfball<\/td><td>zus\u00e4tzlich zum Grundbeitrag<\/td><td>5 Euro \/ Jahr<\/td><\/tr><\/tbody><\/table><figcaption class=\"wp-element-caption\">F\u00fcr die Teilnahme an den Abenden der R\u00fcckenfitness ist eine Vereinsmitgliedschaft nicht zwingend notwendig, aber gew\u00fcnscht.<\/figcaption><\/figure>\n\n\n\n<h2 class=\"wp-block-heading\">Beispiel f\u00fcr Familienbeitrag<\/h2>\n\n\n\n<figure class=\"wp-block-table\"><table><tbody><tr><td><strong><u>Beispiel f\u00fcr Familienbeitrag<\/u><\/strong><br><strong>Elternpaar + 2 Jugendliche<\/strong><br><strong>Grundbeitr\u00e4ge einzeln\u00a0 = 2 x 55 + 2 x 40\u00a0 =\u00a0\u00a0\u00a0\u00a0\u00a0\u00a0\u00a0\u00a0\u00a0\u00a0\u00a0\u00a0\u00a0\u00a0 190 \u20ac<\/strong><br><strong>Familienbeitrag aber nur\u00a0\u00a0\u00a0\u00a0\u00a0\u00a0\u00a0\u00a0\u00a0\u00a0\u00a0\u00a0\u00a0\u00a0\u00a0\u00a0\u00a0\u00a0\u00a0\u00a0\u00a0\u00a0\u00a0\u00a0\u00a0\u00a0\u00a0\u00a0\u00a0\u00a0\u00a0 \u00a0 \u00a0\u00a0\u00a0\u00a0\u00a0\u00a0\u00a0\u00a0\u00a0\u00a0\u00a0\u00a0110 \u20ac<\/strong><\/td><\/tr><\/tbody><\/table><\/figure>\n\n\n\n<hr class=\"wp-block-separator has-css-opacity\"\/>\n\n\n\n<p><strong>K\u00fcndigungen <\/strong>m\u00fcssen mindestens 3 Monate vor dem Jahresende eingegangen sein und gelten grunds\u00e4tzlich immer nur zum Ende des Kalenderjahres. <\/p>\n\n\n\n<p>Der Beitragseinzug erfolgt in der Regel in der zweiten Jahresh\u00e4lfte f\u00fcr das aktuelle Jahr, auf diesen Einzug hat die K\u00fcndigung noch keine Auswirkung.<\/p>\n\n\n\n<p>Niederkalbach, 2023<br>gez. der Vorstand<\/p>\n","protected":false},"excerpt":{"rendered":"<p>Grundbeitrag g\u00fcltig seit 31.03.2023 Erwachsene 18 &#8211; 64 Jahre 55 Euro \/ Jahr Senioren ab 65 Jahre 35 Euro \/ Jahr Jugendliche 8 &#8211; 17 Jahre 40 Euro \/ Jahr Kinder 0 &#8211; 7 Jahre 25 Euro \/ Jahr Familienbeitrag 110 Euro \/ Jahr Abteilungsbeitrag Gymnastik zus\u00e4tzlich zum Grundbeitrag 25 Euro \/ Jahr Somit Beitrag&#8230;<\/p>\n","protected":false},"author":2,"featured_media":0,"parent":65,"menu_order":0,"comment_status":"closed","ping_status":"closed","template":"template-page-builder.php","meta":{"footnotes":""},"class_list":["post-106","page","type-page","status-publish","hentry"],"_links":{"self":[{"href":"https:\/\/fc-niederkalbach.de\/index.php?rest_route=\/wp\/v2\/pages\/106","targetHints":{"allow":["GET"]}}],"collection":[{"href":"https:\/\/fc-niederkalbach.de\/index.php?rest_route=\/wp\/v2\/pages"}],"about":[{"href":"https:\/\/fc-niederkalbach.de\/index.php?rest_route=\/wp\/v2\/types\/page"}],"author":[{"embeddable":true,"href":"https:\/\/fc-niederkalbach.de\/index.php?rest_route=\/wp\/v2\/users\/2"}],"replies":[{"embeddable":true,"href":"https:\/\/fc-niederkalbach.de\/index.php?rest_route=%2Fwp%2Fv2%2Fcomments&post=106"}],"version-history":[{"count":11,"href":"https:\/\/fc-niederkalbach.de\/index.php?rest_route=\/wp\/v2\/pages\/106\/revisions"}],"predecessor-version":[{"id":438,"href":"https:\/\/fc-niederkalbach.de\/index.php?rest_route=\/wp\/v2\/pages\/106\/revisions\/438"}],"up":[{"embeddable":true,"href":"https:\/\/fc-niederkalbach.de\/index.php?rest_route=\/wp\/v2\/pages\/65"}],"wp:attachment":[{"href":"https:\/\/fc-niederkalbach.de\/index.php?rest_route=%2Fwp%2Fv2%2Fmedia&parent=106"}],"curies":[{"name":"wp","href":"https:\/\/api.w.org\/{rel}","templated":true}]}}